{"id":771,"date":"2020-11-24T15:10:53","date_gmt":"2020-11-24T13:10:53","guid":{"rendered":"http:\/\/jalasjarvenmuseo.fi\/?page_id=771"},"modified":"2020-11-24T15:16:51","modified_gmt":"2020-11-24T13:16:51","slug":"jalasjarvi-seura-ryn-adressit","status":"publish","type":"page","link":"https:\/\/jalasjarvenmuseo.fi\/wordpress\/jalasjarvi-seura-ryn-adressit\/","title":{"rendered":"Jalasj\u00e4rvi-Seura ry:n adressit"},"content":{"rendered":"\n<p>Valikoimassa on nelj\u00e4 A4-kokoista suruadressia ja onnitteluadressi.<br>Suruadressien aiheina ovat Aittom\u00e4en ja Haapam\u00e4en tuulimyllyt sek\u00e4 Takalan tuvan ikkuna ja aittarivist\u00f6 Museonm\u00e4ell\u00e4. Onnitteluadressissa kukkii museon perennatarha.<br>Suruadressien pakkaukseen kuuluu valikoima muistolauseita ja kaikissa on mukana kirjekuori.<br>Adressien hinta on 10\u20ac, postitse tilattaessa lis\u00e4t\u00e4\u00e4n postituskulut painon mukaan.<\/p>\n\n\n\n<p>Yhteystiedot l\u00f6ytyv\u00e4t <a href=\"https:\/\/jalasjarvenmuseo.fi\/wordpress\/yhteystiedot\/\" data-type=\"page\" data-id=\"67\">T\u00c4ST\u00c4<\/a> linkist\u00e4.<\/p>\n\n\n\n<p>Tilauksen voit tehd\u00e4 my\u00f6s lomakkeella, joka l\u00f6ytyy sivun alareunasta <a href=\"https:\/\/jalasjarvenmuseo.fi\/wordpress\/myytavat-tuotteet\/\" data-type=\"page\" data-id=\"27\">T\u00c4ST\u00c4<\/a> linkist\u00e4.<\/p>\n\n\n\n<div class=\"wp-block-image\"><figure class=\"alignleft size-large is-resized\"><img loading=\"lazy\" decoding=\"async\" src=\"https:\/\/jalasjarvenmuseo.fi\/wordpress\/wp-content\/uploads\/Suruadressi-Aittomaen-tuulimylly-1-725x1024.jpg\" alt=\"\" class=\"wp-image-766\" width=\"171\" height=\"241\" srcset=\"https:\/\/jalasjarvenmuseo.fi\/wordpress\/wp-content\/uploads\/Suruadressi-Aittomaen-tuulimylly-1-725x1024.jpg 725w, https:\/\/jalasjarvenmuseo.fi\/wordpress\/wp-content\/uploads\/Suruadressi-Aittomaen-tuulimylly-1-212x300.jpg 212w, https:\/\/jalasjarvenmuseo.fi\/wordpress\/wp-content\/uploads\/Suruadressi-Aittomaen-tuulimylly-1-768x1085.jpg 768w, https:\/\/jalasjarvenmuseo.fi\/wordpress\/wp-content\/uploads\/Suruadressi-Aittomaen-tuulimylly-1-1087x1536.jpg 1087w, https:\/\/jalasjarvenmuseo.fi\/wordpress\/wp-content\/uploads\/Suruadressi-Aittomaen-tuulimylly-1-1449x2048.jpg 1449w, https:\/\/jalasjarvenmuseo.fi\/wordpress\/wp-content\/uploads\/Suruadressi-Aittomaen-tuulimylly-1-624x882.jpg 624w, https:\/\/jalasjarvenmuseo.fi\/wordpress\/wp-content\/uploads\/Suruadressi-Aittomaen-tuulimylly-1-scaled.jpg 1811w\" sizes=\"auto, (max-width: 171px) 100vw, 171px\" \/><\/figure><\/div>\n\n\n\n<div class=\"wp-block-image\"><figure class=\"alignleft size-large is-resized\"><img loading=\"lazy\" decoding=\"async\" src=\"https:\/\/jalasjarvenmuseo.fi\/wordpress\/wp-content\/uploads\/Suruadressi-Haapamaen-tuulimylly-707x1024.jpg\" alt=\"\" class=\"wp-image-763\" width=\"169\" height=\"246\" srcset=\"https:\/\/jalasjarvenmuseo.fi\/wordpress\/wp-content\/uploads\/Suruadressi-Haapamaen-tuulimylly-707x1024.jpg 707w, https:\/\/jalasjarvenmuseo.fi\/wordpress\/wp-content\/uploads\/Suruadressi-Haapamaen-tuulimylly-207x300.jpg 207w, https:\/\/jalasjarvenmuseo.fi\/wordpress\/wp-content\/uploads\/Suruadressi-Haapamaen-tuulimylly-768x1112.jpg 768w, https:\/\/jalasjarvenmuseo.fi\/wordpress\/wp-content\/uploads\/Suruadressi-Haapamaen-tuulimylly-1061x1536.jpg 1061w, https:\/\/jalasjarvenmuseo.fi\/wordpress\/wp-content\/uploads\/Suruadressi-Haapamaen-tuulimylly-1414x2048.jpg 1414w, https:\/\/jalasjarvenmuseo.fi\/wordpress\/wp-content\/uploads\/Suruadressi-Haapamaen-tuulimylly-624x904.jpg 624w, https:\/\/jalasjarvenmuseo.fi\/wordpress\/wp-content\/uploads\/Suruadressi-Haapamaen-tuulimylly-scaled.jpg 1768w\" sizes=\"auto, (max-width: 169px) 100vw, 169px\" \/><\/figure><\/div>\n\n\n\n<div class=\"wp-block-image\"><figure class=\"alignleft size-large is-resized\"><img loading=\"lazy\" decoding=\"async\" src=\"https:\/\/jalasjarvenmuseo.fi\/wordpress\/wp-content\/uploads\/Suruadressi-museon-aittarivi-714x1024.jpg\" alt=\"\" class=\"wp-image-764\" width=\"173\" height=\"247\" srcset=\"https:\/\/jalasjarvenmuseo.fi\/wordpress\/wp-content\/uploads\/Suruadressi-museon-aittarivi-714x1024.jpg 714w, https:\/\/jalasjarvenmuseo.fi\/wordpress\/wp-content\/uploads\/Suruadressi-museon-aittarivi-209x300.jpg 209w, https:\/\/jalasjarvenmuseo.fi\/wordpress\/wp-content\/uploads\/Suruadressi-museon-aittarivi-768x1102.jpg 768w, https:\/\/jalasjarvenmuseo.fi\/wordpress\/wp-content\/uploads\/Suruadressi-museon-aittarivi-1071x1536.jpg 1071w, https:\/\/jalasjarvenmuseo.fi\/wordpress\/wp-content\/uploads\/Suruadressi-museon-aittarivi-1428x2048.jpg 1428w, https:\/\/jalasjarvenmuseo.fi\/wordpress\/wp-content\/uploads\/Suruadressi-museon-aittarivi-624x895.jpg 624w, https:\/\/jalasjarvenmuseo.fi\/wordpress\/wp-content\/uploads\/Suruadressi-museon-aittarivi-scaled.jpg 1785w\" sizes=\"auto, (max-width: 173px) 100vw, 173px\" \/><\/figure><\/div>\n\n\n\n<div class=\"wp-block-image\"><figure class=\"alignleft size-large is-resized\"><img loading=\"lazy\" decoding=\"async\" src=\"https:\/\/jalasjarvenmuseo.fi\/wordpress\/wp-content\/uploads\/Suruadressi-Takalan-tupa-718x1024.jpg\" alt=\"\" class=\"wp-image-765\" width=\"172\" height=\"246\" srcset=\"https:\/\/jalasjarvenmuseo.fi\/wordpress\/wp-content\/uploads\/Suruadressi-Takalan-tupa-718x1024.jpg 718w, https:\/\/jalasjarvenmuseo.fi\/wordpress\/wp-content\/uploads\/Suruadressi-Takalan-tupa-210x300.jpg 210w, https:\/\/jalasjarvenmuseo.fi\/wordpress\/wp-content\/uploads\/Suruadressi-Takalan-tupa-768x1095.jpg 768w, https:\/\/jalasjarvenmuseo.fi\/wordpress\/wp-content\/uploads\/Suruadressi-Takalan-tupa-1077x1536.jpg 1077w, https:\/\/jalasjarvenmuseo.fi\/wordpress\/wp-content\/uploads\/Suruadressi-Takalan-tupa-1436x2048.jpg 1436w, https:\/\/jalasjarvenmuseo.fi\/wordpress\/wp-content\/uploads\/Suruadressi-Takalan-tupa-624x890.jpg 624w, https:\/\/jalasjarvenmuseo.fi\/wordpress\/wp-content\/uploads\/Suruadressi-Takalan-tupa-scaled.jpg 1796w\" sizes=\"auto, (max-width: 172px) 100vw, 172px\" \/><\/figure><\/div>\n\n\n\n<div class=\"wp-block-image\"><figure class=\"alignleft size-large is-resized\"><img loading=\"lazy\" decoding=\"async\" src=\"https:\/\/jalasjarvenmuseo.fi\/wordpress\/wp-content\/uploads\/Onnitteluadressi-museon-perennat-704x1024.jpg\" alt=\"\" class=\"wp-image-761\" width=\"170\" height=\"247\" srcset=\"https:\/\/jalasjarvenmuseo.fi\/wordpress\/wp-content\/uploads\/Onnitteluadressi-museon-perennat-704x1024.jpg 704w, https:\/\/jalasjarvenmuseo.fi\/wordpress\/wp-content\/uploads\/Onnitteluadressi-museon-perennat-206x300.jpg 206w, https:\/\/jalasjarvenmuseo.fi\/wordpress\/wp-content\/uploads\/Onnitteluadressi-museon-perennat-768x1118.jpg 768w, https:\/\/jalasjarvenmuseo.fi\/wordpress\/wp-content\/uploads\/Onnitteluadressi-museon-perennat-1056x1536.jpg 1056w, https:\/\/jalasjarvenmuseo.fi\/wordpress\/wp-content\/uploads\/Onnitteluadressi-museon-perennat-1407x2048.jpg 1407w, https:\/\/jalasjarvenmuseo.fi\/wordpress\/wp-content\/uploads\/Onnitteluadressi-museon-perennat-624x908.jpg 624w, https:\/\/jalasjarvenmuseo.fi\/wordpress\/wp-content\/uploads\/Onnitteluadressi-museon-perennat-scaled.jpg 1759w\" sizes=\"auto, (max-width: 170px) 100vw, 170px\" \/><\/figure><\/div>\n","protected":false},"excerpt":{"rendered":"<p>Valikoimassa on nelj\u00e4 A4-kokoista suruadressia ja onnitteluadressi.Suruadressien aiheina ovat Aittom\u00e4en ja Haapam\u00e4en tuulimyllyt sek\u00e4 Takalan tuvan ikkuna ja aittarivist\u00f6 Museonm\u00e4ell\u00e4. Onnitteluadressissa kukkii museon perennatarha.Suruadressien pakkaukseen kuuluu valikoima muistolauseita ja kaikissa on mukana kirjekuori.Adressien hinta on 10\u20ac, postitse tilattaessa lis\u00e4t\u00e4\u00e4n postituskulut painon mukaan. Yhteystiedot l\u00f6ytyv\u00e4t T\u00c4ST\u00c4 linkist\u00e4. Tilauksen voit tehd\u00e4 my\u00f6s lomakkeella, joka l\u00f6ytyy sivun alareunasta [&hellip;]<\/p>\n","protected":false},"author":1,"featured_media":0,"parent":0,"menu_order":0,"comment_status":"closed","ping_status":"closed","template":"","meta":{"footnotes":""},"class_list":["post-771","page","type-page","status-publish","hentry"],"_links":{"self":[{"href":"https:\/\/jalasjarvenmuseo.fi\/wordpress\/wp-json\/wp\/v2\/pages\/771","targetHints":{"allow":["GET"]}}],"collection":[{"href":"https:\/\/jalasjarvenmuseo.fi\/wordpress\/wp-json\/wp\/v2\/pages"}],"about":[{"href":"https:\/\/jalasjarvenmuseo.fi\/wordpress\/wp-json\/wp\/v2\/types\/page"}],"author":[{"embeddable":true,"href":"https:\/\/jalasjarvenmuseo.fi\/wordpress\/wp-json\/wp\/v2\/users\/1"}],"replies":[{"embeddable":true,"href":"https:\/\/jalasjarvenmuseo.fi\/wordpress\/wp-json\/wp\/v2\/comments?post=771"}],"version-history":[{"count":3,"href":"https:\/\/jalasjarvenmuseo.fi\/wordpress\/wp-json\/wp\/v2\/pages\/771\/revisions"}],"predecessor-version":[{"id":775,"href":"https:\/\/jalasjarvenmuseo.fi\/wordpress\/wp-json\/wp\/v2\/pages\/771\/revisions\/775"}],"wp:attachment":[{"href":"https:\/\/jalasjarvenmuseo.fi\/wordpress\/wp-json\/wp\/v2\/media?parent=771"}],"curies":[{"name":"wp","href":"https:\/\/api.w.org\/{rel}","templated":true}]}}