{"id":67,"date":"2017-04-17T11:55:31","date_gmt":"2017-04-17T08:55:31","guid":{"rendered":"http:\/\/jalasjarvenmuseo.fi\/?page_id=67"},"modified":"2026-01-23T11:01:48","modified_gmt":"2026-01-23T09:01:48","slug":"yhteystiedot","status":"publish","type":"page","link":"https:\/\/jalasjarvenmuseo.fi\/wordpress\/yhteystiedot\/","title":{"rendered":"Yhteystiedot ja p\u00e4\u00e4symaksut"},"content":{"rendered":"<p><strong>Jalasj\u00e4rven museo<\/strong><\/p>\n<p>www.jalasjarvenmuseo.fi<br \/>\nAvoinna kes\u00e4kautena kes\u00e4-elokuussa ti-pe, su\u00a0 ja tilauksesta, \u00a0ma &amp; la suljettu (p\u00e4iv\u00e4m\u00e4\u00e4r\u00e4t ja kellonajat ilmoitetaan kes\u00e4kauden alkaessa). Talvikautena avoinna tilauksesta.<\/p>\n<p>Yhteystiedot:<br \/>\nMari M\u00e4ki-Karvia 0504603407\u00a0 \u00a0jalasjarviseura(at)jalasjarvenmuseo.fi<\/p>\n<p>Sijainti: Vanhankirkontie 2\/ Museonm\u00e4entie 2, 61600 Jalasj\u00e4rvi<\/p>\n<p>Tutustu museoon mobiililaitteella: <a href=\"https:\/\/emuseo.fi\/jalasjarvenmuseo\">https:\/\/emuseo.fi\/jalasjarvenmuseo<\/a><\/p>\n<p><b>P\u00c4\u00c4SYMAKSUT<\/b><br \/>\n<strong>Museokierrokset<\/strong><br \/>\nOpastettu kierros yhdess\u00e4 rakennuksessa 3\u20ac\/hl\u00f6 ja useammassa rakennuksessa 5\u20ac\/hl\u00f6,<br \/>\nalle 12v ilmaiseksi.<br \/>\n<strong>Ryhm\u00e4t<\/strong><br \/>\nRyhm\u00e4alennus 20%, kun ryhm\u00e4ss\u00e4 on v\u00e4hint\u00e4\u00e4n 15 henkil\u00f6\u00e4<br \/>\nMatkanjohtaja ja autonkuljettaja aina ilmaiseksi<br \/>\nKoululaisryhm\u00e4t opettajan johdolla 1\u20ac\/oppilas<br \/>\nJalasj\u00e4rvel\u00e4iset koululaisryhm\u00e4t ilmaiseksi<\/p>\n<p><strong>Sotaveteraanien Perinnetalo<\/strong><br \/>\n<em>Opastusten tilaaminen:<\/em><br \/>\nJuhani Kungsbacka 040 7365017, Esko Lepp\u00e4 050 3058110\u00a0 \u00a0 \u00a0 \u00a0 \u00a0 \u00a0 \u00a0 \u00a0 \u00a0 \u00a0 \u00a0 \u00a0 \u00a0 \u00a0 \u00a0 \u00a0 \u00a0 \u00a0 \u00a0 \u00a0 \u00a0 \u00a0 \u00a0 \u00a0 \u00a0 \u00a0 \u00a0 \u00a0 \u00a0 \u00a0 \u00a0 \u00a0 \u00a0 \u00a0 \u00a0 \u00a0 \u00a0 \u00a0 \u00a0 tai Mari M\u00e4ki-Karvia 0504603407<br \/>\nOpastuksen voi tilata erikseen pelk\u00e4st\u00e4\u00e4n Perinnetaloon tai sis\u00e4llytt\u00e4\u00e4 muuhun museokierrokseen.<br \/>\n<em>Tiedustelut<\/em> my\u00f6s s\u00e4hk\u00f6postitse: veteraanimuseo(at)jalasjarvenmuseo.fi<br \/>\n<a href=\"https:\/\/jalasjarvenmuseo.fi\/wordpress\/sotaveteraanien-perinnetalo\/\">Katso lis\u00e4\u00e4<\/a><\/p>\n<p><strong>Pelimannitupa<\/strong><br \/>\nPelimannitupaa ja Koivikon saunaa vuokrataan yksityisille, yhdistyksille ja yhteis\u00f6ille.<\/p>\n<p><strong>Varaukset<\/strong>\u00a0ja\u00a0<strong>tiedustelut <\/strong>puhelimitse <strong>Aino Nevala 040 5825175 arkisin klo 8.00-16.00<\/strong> tai s\u00e4hk\u00f6postitse: <strong>tuvanvaraus(at)jalasjarvenmuseo.fi<\/strong><\/p>\n<p><a href=\"https:\/\/jalasjarvenmuseo.fi\/wordpress\/pelimannitupa\/\">Katso lis\u00e4\u00e4<\/a><\/p>\n","protected":false},"excerpt":{"rendered":"<p>Jalasj\u00e4rven museo www.jalasjarvenmuseo.fi Avoinna kes\u00e4kautena kes\u00e4-elokuussa ti-pe, su\u00a0 ja tilauksesta, \u00a0ma &amp; la suljettu (p\u00e4iv\u00e4m\u00e4\u00e4r\u00e4t ja kellonajat ilmoitetaan kes\u00e4kauden alkaessa). Talvikautena avoinna tilauksesta. Yhteystiedot: Mari M\u00e4ki-Karvia 0504603407\u00a0 \u00a0jalasjarviseura(at)jalasjarvenmuseo.fi Sijainti: Vanhankirkontie 2\/ Museonm\u00e4entie 2, 61600 Jalasj\u00e4rvi Tutustu museoon mobiililaitteella: https:\/\/emuseo.fi\/jalasjarvenmuseo P\u00c4\u00c4SYMAKSUT Museokierrokset Opastettu kierros yhdess\u00e4 rakennuksessa 3\u20ac\/hl\u00f6 ja useammassa rakennuksessa 5\u20ac\/hl\u00f6, alle 12v ilmaiseksi. Ryhm\u00e4t Ryhm\u00e4alennus [&hellip;]<\/p>\n","protected":false},"author":1,"featured_media":0,"parent":0,"menu_order":0,"comment_status":"closed","ping_status":"closed","template":"","meta":{"footnotes":""},"class_list":["post-67","page","type-page","status-publish","hentry"],"_links":{"self":[{"href":"https:\/\/jalasjarvenmuseo.fi\/wordpress\/wp-json\/wp\/v2\/pages\/67","targetHints":{"allow":["GET"]}}],"collection":[{"href":"https:\/\/jalasjarvenmuseo.fi\/wordpress\/wp-json\/wp\/v2\/pages"}],"about":[{"href":"https:\/\/jalasjarvenmuseo.fi\/wordpress\/wp-json\/wp\/v2\/types\/page"}],"author":[{"embeddable":true,"href":"https:\/\/jalasjarvenmuseo.fi\/wordpress\/wp-json\/wp\/v2\/users\/1"}],"replies":[{"embeddable":true,"href":"https:\/\/jalasjarvenmuseo.fi\/wordpress\/wp-json\/wp\/v2\/comments?post=67"}],"version-history":[{"count":22,"href":"https:\/\/jalasjarvenmuseo.fi\/wordpress\/wp-json\/wp\/v2\/pages\/67\/revisions"}],"predecessor-version":[{"id":978,"href":"https:\/\/jalasjarvenmuseo.fi\/wordpress\/wp-json\/wp\/v2\/pages\/67\/revisions\/978"}],"wp:attachment":[{"href":"https:\/\/jalasjarvenmuseo.fi\/wordpress\/wp-json\/wp\/v2\/media?parent=67"}],"curies":[{"name":"wp","href":"https:\/\/api.w.org\/{rel}","templated":true}]}}