{"id":423,"date":"2017-11-08T11:15:57","date_gmt":"2017-11-08T09:15:57","guid":{"rendered":"http:\/\/jalasjarvenmuseo.fi\/?page_id=423"},"modified":"2024-08-29T18:20:25","modified_gmt":"2024-08-29T15:20:25","slug":"kulttuuriymparistohanke","status":"publish","type":"page","link":"https:\/\/jalasjarvenmuseo.fi\/wordpress\/kulttuuriymparistohanke\/","title":{"rendered":"Kulttuuriymp\u00e4rist\u00f6hanke"},"content":{"rendered":"<p>Kulttuuriymp\u00e4rist\u00f6hanke on p\u00e4\u00e4ttynyt. Hankkeen tuloksena on julkaistu kirja Pohjanmaan portilla. Kirjaa voi ostaa hintaan 30\u20ac, Jalasj\u00e4rven museolta tai kirjastosta.<\/p>\n<p>Riitta Jaakkola<\/p>\n<p><strong>Jalasj\u00e4rven kulttuuriymp\u00e4rist\u00f6ohjelma<\/strong><\/p>\n<p>Jalasj\u00e4rvell\u00e4 k\u00e4ynnistyi alkuvuodesta 2017 Leader-rahoitteinen 3-vuotinen hanke; Jalasj\u00e4rven kulttuuriymp\u00e4rist\u00f6ohjelma. Vastaava ty\u00f6 Kurikkaan ja Jurvaan valmistui kev\u00e4\u00e4ll\u00e4 2015. Se l\u00f6ytyy kirjastosta ja sen voi ladata osoitteessa: <a href=\"http:\/\/www.kurikka.fi\/files\/Kuvitus\/kurikan_kulttuuriymparistoohjelma_kirja.pdf\">http:\/\/www.kurikka.fi\/files\/Kuvitus\/kurikan_kulttuuriymparistoohjelma_kirja.pdf<\/a>\u00a0Kuntakohtainen kulttuuriymp\u00e4rist\u00f6ohjelma on valmistunut my\u00f6s Maalahteen, N\u00e4rpi\u00f6\u00f6n ja \u00c4ht\u00e4riin.<\/p>\n<p>N\u00e4ist\u00e4 kaikista kirjahankkeista saamani kokemus osoittaa, ett\u00e4 paras lopputulos saadaan tiiviill\u00e4 yhteisty\u00f6ll\u00e4 kiinteist\u00f6n omistajien, kotiseutuv\u00e4en ja aktiivisten kyl\u00e4l\u00e4isten kanssa. Nyt kootaan niit\u00e4 arvoja ja erityispiirteit\u00e4, joita Jalasj\u00e4rvell\u00e4 on p\u00e4iviimme s\u00e4ilynyt. Tuleva kirja painottuu rakennusperint\u00f6\u00f6n. Siin\u00e4 esitell\u00e4\u00e4n hyvin tai v\u00e4hint\u00e4\u00e4n kohtuullisesti piirteens\u00e4 s\u00e4ilytt\u00e4neit\u00e4 ja erityisesti ennen sotia rakentuneita pihapiirej\u00e4 Jalasj\u00e4rven eri puolilta. Lis\u00e4ksi esitell\u00e4\u00e4n maiseman erityispiirteet ja arvot ja paikallinen arkeologinen perint\u00f6 sek\u00e4 perinnebiotoopit. On t\u00e4rke\u00e4\u00e4 saada kokoon mahdollisimman kattava tieto kaikilta Jalasj\u00e4rven kylilt\u00e4 ja se onnistuu vain yhteisty\u00f6ss\u00e4 rakennuskohteiden omistajien, kyl\u00e4l\u00e4isten ja kotiseutuv\u00e4en kanssa.<\/p>\n<p><img loading=\"lazy\" decoding=\"async\" class=\"alignnone size-large wp-image-422\" src=\"https:\/\/jalasjarvenmuseo.fi\/wordpress\/wp-content\/uploads\/IMG_3687-1024x683.jpeg\" alt=\"\" width=\"625\" height=\"417\" srcset=\"https:\/\/jalasjarvenmuseo.fi\/wordpress\/wp-content\/uploads\/IMG_3687-1024x683.jpeg 1024w, https:\/\/jalasjarvenmuseo.fi\/wordpress\/wp-content\/uploads\/IMG_3687-300x200.jpeg 300w, https:\/\/jalasjarvenmuseo.fi\/wordpress\/wp-content\/uploads\/IMG_3687-768x512.jpeg 768w, https:\/\/jalasjarvenmuseo.fi\/wordpress\/wp-content\/uploads\/IMG_3687-624x416.jpeg 624w\" sizes=\"auto, (max-width: 625px) 100vw, 625px\" \/><\/p>\n<p>Yhteisty\u00f6t\u00e4 edellytt\u00e4\u00e4 my\u00f6s hankemuoto, Leader-hankkeille tyypillisesti tarvitaan talkoolaisia. Mit\u00e4 se talkoolaisten ty\u00f6 t\u00e4ss\u00e4 hankkeessa on ja tulee olemaan? Se voi olla osallistumista kyl\u00e4iltoihin ja tiedonkeruun ohjaukseen inventointilomakkeen avulla. Se voi olla inventointilomakkeiden jakamista, omistajien kannustamista tiedonantoon ja tarvitessa kiinteist\u00f6n omistajien avustamista niiden t\u00e4yt\u00f6ss\u00e4. Ja lopuksi talkoolaiset voivat varmistaa, ett\u00e4 t\u00e4ytetyt lomakkeet saadaan kylilt\u00e4 kokoon ja hankkeen k\u00e4ytt\u00f6\u00f6n. \u00a0Se voi olla my\u00f6s osallistumista keskusteluun kylien arvoista ja mahdollisista haasteista ja hankkeen loppuvaiheessa laadittujen kyl\u00e4- ja kohdekuvauksien kommentointia.<\/p>\n<p>Kev\u00e4\u00e4ll\u00e4 2017 kotiseutuv\u00e4ki kiersi hankevet\u00e4j\u00e4n apuna kyli\u00e4 ja esitteli komeita ja esittelyn arvoisia kohteita eri puolilla Jalasj\u00e4rve\u00e4. Touko-kes\u00e4kuussa oli laaja kyl\u00e4tilaisuuksien sarja, silloin tehtiin hanketta tutuksi, kartoitettiin osallistujien tietoja kotikylist\u00e4\u00e4n ja k\u00e4ynnistettiin rakennuksia koskevan tiedon keruu. Tilaisuuksissa k\u00e4ytiin l\u00e4pi alustavasti esitelt\u00e4viksi arvioituja taloja ja mietittiin mist\u00e4 niihin saataisiin lis\u00e4tietoa. Tunnelma iltamissa oli innostunut, oma kyl\u00e4 haluttiin kirjassa n\u00e4ytt\u00e4v\u00e4sti esiin ja yhteinen lupaus oli koota kaikki saatavissa oleva tieto, teht\u00e4v\u00e4\u00e4 alustavasti jo jaettiinkin. Yh\u00e4 uudestaan todettiin, ett\u00e4 parhaimmat tiet\u00e4j\u00e4t ovat jo poissa ja hanke silt\u00e4 osin valitettavan my\u00f6h\u00e4\u00e4n liikkeell\u00e4. Tilanne on kuitenkin sama muuallakin ja teemme parhaamme. Mik\u00e4li vaikkapa uudella omistajalla on puutteelliset tiedot talostaan, kyl\u00e4st\u00e4 ja entisest\u00e4 omistajasuvusta annetaan varmasti tarvittavaa lis\u00e4tietoa.<\/p>\n<p>Leader-hanke edellytt\u00e4\u00e4 talkootuntien kirjaamista. Hankkeen edellytt\u00e4m\u00e4 talkooty\u00f6 on yhteens\u00e4 l\u00e4hes 900 tuntia. Yhdeks\u00e4n kyl\u00e4\u00e4 ja Jalasj\u00e4rvi-Seura jakavat t\u00e4m\u00e4n talkooty\u00f6n. Kev\u00e4\u00e4n ja alkukes\u00e4n yhteisty\u00f6 tuotti reilut 400 talkootuntia, se kuvaa paikallista asennetta ja talkoohenke\u00e4. T\u00e4st\u00e4 on hyv\u00e4 jatkaa.<\/p>\n<p>Hankevet\u00e4j\u00e4 tekee useita vastaavia hankkeita rinnakkain ja seuraava ty\u00f6rupeama Jalasj\u00e4rvell\u00e4 k\u00e4ynnistyy marras-joulukuussa 2017. Silloin selvi\u00e4\u00e4, mink\u00e4laista tietoa on saatu kokoon kes\u00e4n ja alkusyksyn aikana. Siit\u00e4 sitten jatketaan eteenp\u00e4in.<\/p>\n<p>Tervetuloa hankkeen tilaisuuksiin tai ottakaa suoraan yhteytt\u00e4. Kerron mielell\u00e4ni lis\u00e4\u00e4, tietoa voi vaihtaa my\u00f6s puhelimessa ja s\u00e4hk\u00f6postin v\u00e4lityksell\u00e4. Kuvaan kirjaa varten esitelt\u00e4vi\u00e4 kohteita useaan otteeseen ja eri vuodenaikoina, piipahdan mahdollisuuksien mukaan my\u00f6s jututtamassa omistajia. Yksiin kansiin koottu tieto kaikkien Jalasj\u00e4rven kylien kulttuuriperinn\u00f6st\u00e4 syntyy vain yhteisty\u00f6ss\u00e4 teid\u00e4n kanssanne!<\/p>\n<p>Yhteisty\u00f6terveisin,<\/p>\n<p>Riitta Jaakkola, hankevet\u00e4j\u00e4<\/p>\n<p><a href=\"mailto:jaakkolanriitta@gmail.com\">jaakkolanriitta(at)gmail.com<\/a>, 0400 925656<\/p>\n","protected":false},"excerpt":{"rendered":"<p>Kulttuuriymp\u00e4rist\u00f6hanke on p\u00e4\u00e4ttynyt. Hankkeen tuloksena on julkaistu kirja Pohjanmaan portilla. Kirjaa voi ostaa hintaan 30\u20ac, Jalasj\u00e4rven museolta tai kirjastosta. Riitta Jaakkola Jalasj\u00e4rven kulttuuriymp\u00e4rist\u00f6ohjelma Jalasj\u00e4rvell\u00e4 k\u00e4ynnistyi alkuvuodesta 2017 Leader-rahoitteinen 3-vuotinen hanke; Jalasj\u00e4rven kulttuuriymp\u00e4rist\u00f6ohjelma. Vastaava ty\u00f6 Kurikkaan ja Jurvaan valmistui kev\u00e4\u00e4ll\u00e4 2015. Se l\u00f6ytyy kirjastosta ja sen voi ladata osoitteessa: http:\/\/www.kurikka.fi\/files\/Kuvitus\/kurikan_kulttuuriymparistoohjelma_kirja.pdf\u00a0Kuntakohtainen kulttuuriymp\u00e4rist\u00f6ohjelma on valmistunut my\u00f6s Maalahteen, N\u00e4rpi\u00f6\u00f6n [&hellip;]<\/p>\n","protected":false},"author":1,"featured_media":0,"parent":0,"menu_order":0,"comment_status":"closed","ping_status":"closed","template":"","meta":{"footnotes":""},"class_list":["post-423","page","type-page","status-publish","hentry"],"_links":{"self":[{"href":"https:\/\/jalasjarvenmuseo.fi\/wordpress\/wp-json\/wp\/v2\/pages\/423","targetHints":{"allow":["GET"]}}],"collection":[{"href":"https:\/\/jalasjarvenmuseo.fi\/wordpress\/wp-json\/wp\/v2\/pages"}],"about":[{"href":"https:\/\/jalasjarvenmuseo.fi\/wordpress\/wp-json\/wp\/v2\/types\/page"}],"author":[{"embeddable":true,"href":"https:\/\/jalasjarvenmuseo.fi\/wordpress\/wp-json\/wp\/v2\/users\/1"}],"replies":[{"embeddable":true,"href":"https:\/\/jalasjarvenmuseo.fi\/wordpress\/wp-json\/wp\/v2\/comments?post=423"}],"version-history":[{"count":8,"href":"https:\/\/jalasjarvenmuseo.fi\/wordpress\/wp-json\/wp\/v2\/pages\/423\/revisions"}],"predecessor-version":[{"id":921,"href":"https:\/\/jalasjarvenmuseo.fi\/wordpress\/wp-json\/wp\/v2\/pages\/423\/revisions\/921"}],"wp:attachment":[{"href":"https:\/\/jalasjarvenmuseo.fi\/wordpress\/wp-json\/wp\/v2\/media?parent=423"}],"curies":[{"name":"wp","href":"https:\/\/api.w.org\/{rel}","templated":true}]}}