{"id":329,"date":"2017-06-06T11:57:36","date_gmt":"2017-06-06T08:57:36","guid":{"rendered":"http:\/\/jalasjarvenmuseo.fi\/?page_id=329"},"modified":"2026-03-30T15:32:33","modified_gmt":"2026-03-30T12:32:33","slug":"vuokraus","status":"publish","type":"page","link":"https:\/\/jalasjarvenmuseo.fi\/wordpress\/pelimannitupa\/vuokraus\/","title":{"rendered":"Pelimannituvan vuokraus"},"content":{"rendered":"<p><strong>Pelimannituvan ja Koivikon saunan vuokraus<\/strong><\/p>\r\n<p>Pelimannitupaa ja Koivikon saunaa vuokrataan yksityisille, yhdistyksille ja yhteis\u00f6ille.<br \/>Tilat sopivat kokousten ja juhlien pitopaikaksi.<br \/><em>Vahinkovastuu<\/em> kiinteist\u00f6st\u00e4 ja irtaimistosta on vuokraajalla.<br \/><em>Peruutus<\/em>: Peruutusmaksu puolet hinnasta, jos peruutus on tehty alle kaksi viikkoa ennen sovittua varausta.<\/p>\r\n<p><strong>Pelimannituvan lis\u00e4rakennus on valmistunut vuodenvaihteessa 2017-2018.<\/strong><br \/><strong>Pelimannitupaan on saatu lis\u00e4\u00e4 kokoustilaa, uudet esteett\u00f6m\u00e4t WC-tilat ja keitti\u00f6 on remontoitu. <\/strong><a href=\"https:\/\/jalasjarvenmuseo.fi\/wordpress\/ajankohtaista\/pelimannituvan-lisarakennus\/\">Kuvia rakennusprojektista ja tiloista t\u00e4\u00e4ll\u00e4.<\/a><\/p>\r\n<p><strong>Hinnasto 1.4.2026 alkaen<\/strong><\/p>\r\n<p><strong><em>Pelimannitupa:<\/em><\/strong> Yksi p\u00e4iv\u00e4 klo 8.00 \u2013 24.00\u00a0\u00a0<strong> 240\u20ac\u00a0<\/strong> \u00a0 Viikonloppu pe klo 16.00 &#8211; su klo 10.00\u00a0\u00a0 <strong>280\u20ac<\/strong><\/p>\r\n<p><strong><em>Pelimannitupa ja sauna:<\/em><\/strong>\u00a0 \u00a0 Yksi p\u00e4iv\u00e4 <strong>290\u20ac<\/strong>\u00a0 \u00a0Viikonloppu <strong>330\u20ac<\/strong><\/p>\r\n<p>Peruutusmaksuna perit\u00e4\u00e4n puolet hinnasta, jos peruutus on tehty alle kaksi viikkoa ennen sovittua varausta.<\/p>\r\n<p>Ennen 1.4.2026 tehtyjen varausten osalta ovat voimassa vanhat hinnat.<\/p>\r\n<p><strong>Varaukset<\/strong>\u00a0ja\u00a0<strong>tiedustelut <\/strong>puhelimitse <strong>Aino Nevala 040 5825175 arkisin klo 8.00-16.00<\/strong> tai s\u00e4hk\u00f6postitse: <strong>tuvanvaraus(at)jalasjarvenmuseo.fi\u00a0 <span style=\"color: #800080;\">\u00a0<\/span><\/strong><span style=\"color: #000000;\"><em>Huomioithan varausta tehdess\u00e4si k\u00e4ytt\u00e4\u00e4 ohessa mainittuja yhteystietoja ja s\u00e4hk\u00f6postia sekaannusten v\u00e4ltt\u00e4miseksi.<\/em><\/span><\/p>\r\n<p>&nbsp;<\/p>\r\n\r\n<figure class=\"wp-block-image size-large\"><img loading=\"lazy\" decoding=\"async\" width=\"640\" height=\"480\" class=\"wp-image-797\" src=\"https:\/\/jalasjarvenmuseo.fi\/wordpress\/wp-content\/uploads\/Pelimannituvan-kattaus.jpg\" alt=\"\" srcset=\"https:\/\/jalasjarvenmuseo.fi\/wordpress\/wp-content\/uploads\/Pelimannituvan-kattaus.jpg 640w, https:\/\/jalasjarvenmuseo.fi\/wordpress\/wp-content\/uploads\/Pelimannituvan-kattaus-300x225.jpg 300w, https:\/\/jalasjarvenmuseo.fi\/wordpress\/wp-content\/uploads\/Pelimannituvan-kattaus-624x468.jpg 624w\" sizes=\"auto, (max-width: 640px) 100vw, 640px\" \/><\/figure>\r\n","protected":false},"excerpt":{"rendered":"<p>Pelimannituvan ja Koivikon saunan vuokraus Pelimannitupaa ja Koivikon saunaa vuokrataan yksityisille, yhdistyksille ja yhteis\u00f6ille.Tilat sopivat kokousten ja juhlien pitopaikaksi.Vahinkovastuu kiinteist\u00f6st\u00e4 ja irtaimistosta on vuokraajalla.Peruutus: Peruutusmaksu puolet hinnasta, jos peruutus on tehty alle kaksi viikkoa ennen sovittua varausta. Pelimannituvan lis\u00e4rakennus on valmistunut vuodenvaihteessa 2017-2018.Pelimannitupaan on saatu lis\u00e4\u00e4 kokoustilaa, uudet esteett\u00f6m\u00e4t WC-tilat ja keitti\u00f6 on remontoitu. Kuvia [&hellip;]<\/p>\n","protected":false},"author":1,"featured_media":0,"parent":18,"menu_order":0,"comment_status":"closed","ping_status":"closed","template":"","meta":{"footnotes":""},"class_list":["post-329","page","type-page","status-publish","hentry"],"_links":{"self":[{"href":"https:\/\/jalasjarvenmuseo.fi\/wordpress\/wp-json\/wp\/v2\/pages\/329","targetHints":{"allow":["GET"]}}],"collection":[{"href":"https:\/\/jalasjarvenmuseo.fi\/wordpress\/wp-json\/wp\/v2\/pages"}],"about":[{"href":"https:\/\/jalasjarvenmuseo.fi\/wordpress\/wp-json\/wp\/v2\/types\/page"}],"author":[{"embeddable":true,"href":"https:\/\/jalasjarvenmuseo.fi\/wordpress\/wp-json\/wp\/v2\/users\/1"}],"replies":[{"embeddable":true,"href":"https:\/\/jalasjarvenmuseo.fi\/wordpress\/wp-json\/wp\/v2\/comments?post=329"}],"version-history":[{"count":20,"href":"https:\/\/jalasjarvenmuseo.fi\/wordpress\/wp-json\/wp\/v2\/pages\/329\/revisions"}],"predecessor-version":[{"id":848,"href":"https:\/\/jalasjarvenmuseo.fi\/wordpress\/wp-json\/wp\/v2\/pages\/329\/revisions\/848"}],"up":[{"embeddable":true,"href":"https:\/\/jalasjarvenmuseo.fi\/wordpress\/wp-json\/wp\/v2\/pages\/18"}],"wp:attachment":[{"href":"https:\/\/jalasjarvenmuseo.fi\/wordpress\/wp-json\/wp\/v2\/media?parent=329"}],"curies":[{"name":"wp","href":"https:\/\/api.w.org\/{rel}","templated":true}]}}