{"id":318,"date":"2017-06-06T10:40:12","date_gmt":"2017-06-06T07:40:12","guid":{"rendered":"http:\/\/jalasjarvenmuseo.fi\/?page_id=318"},"modified":"2017-06-06T18:04:03","modified_gmt":"2017-06-06T15:04:03","slug":"historiaa","status":"publish","type":"page","link":"https:\/\/jalasjarvenmuseo.fi\/wordpress\/jalasjarvi-seura-ry\/historiaa\/","title":{"rendered":"Historiaa"},"content":{"rendered":"<p><strong>Jalasj\u00e4rvi-Seura ry:n perustaminen<\/strong><br \/>\nVuonna 1936 pidetty maatalousn\u00e4yttely oli alkusys\u00e4ys Jalasj\u00e4rvi-Seuran toiminnalle. Maatalousn\u00e4yttelyn p\u00e4\u00e4toimikunta perusti erityisen museotoimikunnan puheenjohtajana vaatturi Yrj\u00f6 G. Ritola. Toimikunta j\u00e4rjesti koko pit\u00e4j\u00e4\u00e4 kattavan vanhojen esineiden ker\u00e4yksen. N\u00e4m\u00e4 j\u00e4rjestettiin museo-osastoksi nro. 2493 kirkonm\u00e4ell\u00e4 sijainneeseen siunauskappeliin. Esineist\u00f6\u00e4 kertyi niin runsaasti, ett\u00e4 osastoa jouduttiin laajentamaan viel\u00e4 Iloniemen koulun tiloihin. N\u00e4yttelyn j\u00e4lkeen p\u00e4\u00e4osa esineist\u00f6st\u00e4, joka oli luovutettu tulevalle Jalasj\u00e4rven museolle, varastoitiin mainitun siunauskappelin talvihautaosaan, Iloniemen koulun ulkovarastoihin ja Kaunism\u00e4en pappilan piharakennuksiin odottamaan museon toiminnan k\u00e4ynnistymist\u00e4 ja ennen kaikkea sen toimipaikkaa.<br \/>\nVuonna 1939 pit\u00e4j\u00e4\u00e4n perustettiin maatalousn\u00e4yttelyn museotoimikunnan (Y.G. Ritolan) aloitteesta Jalasj\u00e4rven kotiseutu- ja museoyhdistys. Ensimm\u00e4iseen johtokuntaan valittiin: sahanomistaja Juho E. Kurikka puheenjohtajaksi, vaatturi Y.G. Ritola varapuheenjohtajaksi, rouva Vera Sandmark sihteeriksi ja muiksi j\u00e4seniksi pastori Uuno Taipale, tohtori Santeri Leskinen, maanviljelij\u00e4 Ludvig Koski-Lammi, maanviljelij\u00e4 Uuno Yrj\u00e4n\u00e4 ja opettaja Heikki Risku. Sotavuodet keskeyttiv\u00e4t perustetun yhdistyksen toiminnan. Sotien j\u00e4lkeen yhdistyksen toiminta k\u00e4ynnistyi uudelleen. Varsinaisesta museorakennuksesta ei ollut tietoakaan. Jalasj\u00e4rvi-Seura ry rekister\u00f6itiin yhdistykseksi 1954.<\/p>\n<p><strong>Seura saa museoalueen ja oman museorakennuksen<\/strong><br \/>\nVuonna 1955 s\u00e4\u00e4dettiin ns. siemenviljalaki, jolloin valtio m\u00e4\u00e4r\u00e4ttiin huolehtimaan viljelij\u00f6iden siemenviljatarpeesta. N\u00e4in lainajyv\u00e4st\u00f6n toiminta k\u00e4vi tarpeettomaksi. Jalasj\u00e4rven lainajyv\u00e4st\u00f6 lahjoitti museoalueen tontin tasan Jalasj\u00e4rvi-Seuralle ja Jalasj\u00e4rven Hevosjalostusyhdistykselle. Tosin my\u00f6hemmin k\u00e4vi ilmi, ett\u00e4 lahjan saajien sijasta tontin omistikin edelleen Jalasj\u00e4rven seurakunta, vaikka alue oli erotettu itsen\u00e4iseksi tilaksi. Seura oli siis saanut oman museoalueen ja sill\u00e4 olevan lainajyv\u00e4st\u00f6n makasiinin.<br \/>\nSeura osti kaksi alueeseen rajoittuvaa tilaa 1960- ja 1970-luvuilla ja viel\u00e4 1980-luvun lopulla yhden tilan. Kun viel\u00e4 1980-luvun lopulla ostettiin Hevosjalostusyhdistykselt\u00e4 n\u00e4yttelyhalli ja 1990-luvun alussa seurakunnalta alueen varastorakennus sek\u00e4 Jalasj\u00e4rven soittokunnalta seuran sen kanssa yhteisesti omistaman Pelimannituvan puolisko, ovat kaikki alueen rakennukset nykyisin Jalasj\u00e4rvi-Seuran omistamia. Aikoinaan \u201dlahjoituksena\u201d saadusta tontista seura maksaa seurakunnalle vuokraa.<\/p>\n<p><strong>Museoalue ennen toimintaa<\/strong><br \/>\nJoulukuun 19. p\u00e4iv\u00e4n\u00e4 1596 Nuijasodan miehet majailivat Jalasj\u00e4rvell\u00e4 matkallaan kohti Nokiaa. Perim\u00e4tiedon mukaan majoituspaikkana olisi ollut juuri Museonm\u00e4ki ja Jalasjoen toisella puolella Kannonkyl\u00e4ss\u00e4 oleva Ilkanm\u00e4ki. T\u00e4\u00e4ll\u00e4 Jaakko Ilkka tuomitsi kapinaan kiihottajien p\u00e4\u00e4miehen Mauno Matinpoika Peltoniemen kuolemaan, ja teloitus suoritettiin hukuttamalla avantoon Jalasj\u00e4rven j\u00e4\u00e4ll\u00e4.<br \/>\nL\u00e4hes sata vuotta my\u00f6hemm\u00e4st\u00e4 ajasta taas kertoo Museonm\u00e4ell\u00e4 oleva lemp\u00e4\u00e4l\u00e4isten kala-aitta, joka on sijainnut Luopaj\u00e4rven Sikaniemess\u00e4 noin 40 muun aitan kanssa. H\u00e4m\u00e4l\u00e4iset kulkivat t\u00e4\u00e4ll\u00e4 er\u00e4k\u00e4ynneill\u00e4, ja tuonkaltaisia majoja Jalasj\u00e4rvell\u00e4 on ollut my\u00f6s \u201dyl\u00e4juoksun\u201d muillakin j\u00e4rvill\u00e4.<\/p>\n<p><strong>Makasiinien m\u00e4ki<\/strong><br \/>\nNykyinen Makasiinimuseo oli siis aikoinaan lainajyv\u00e4st\u00f6n makasiini, joka rakennettiin kirkonm\u00e4elle vanhan seurakuntatalon paikkeille vuonna 1873. Rakennus siirrettiin nykyiselle paikalleen vuonna 1915. Makasiinissa saattoi olla vuosittain jopa 6000 hehtolitraa siemenviljaa, jota lainattiin 5% korolla. Takaisinmaksun piti olla siis it\u00e4v\u00e4\u00e4. Jos halla turmeli sadon, siirtyi takaisinmaksu seuraavaan vuoteen, ja jyv\u00e4st\u00f6st\u00e4 jouduttiin ottamaan t\u00e4lle uudelle vuodelle lis\u00e4\u00e4 siemenlainaa. Lainajyv\u00e4st\u00f6 oli siis jalasj\u00e4rvel\u00e4isten ensimm\u00e4inen pankki.<br \/>\nLainamakasiinin etel\u00e4puolella, Museonm\u00e4en korkeimmalla kummulla, oli kruunumakasiini, jonne ker\u00e4ttiin kruunun (valtion) viljaverot, ja josta voitiin jakaa kovan katovuoden tultua apua n\u00e4l\u00e4nh\u00e4t\u00e4\u00e4n. Sen tarkka rakentamisajankohta ei ole tiedossa, mutta kruununmakasiini oli varmaankin Museonm\u00e4en ensimm\u00e4inen makasiini, koska se sijaitsi m\u00e4en korkeimmalla kohdalla. Rakennusajankohdan uskotaan olleen 1850-luvun paikkeilla. Kruununmakasiinista tehtiin Hakkolan kansakoulu 1930-luvun alkuvuosina.<br \/>\nLainamakasiinin pohjoispuolella, sen v\u00e4litt\u00f6m\u00e4ss\u00e4 l\u00e4heisyydess\u00e4, oli viel\u00e4 \u201dvaivaismakasiini\u201d, jonne ker\u00e4ttiin ns. vaivaismaksut. Niill\u00e4 maksettiin hoitomaksut, kun orpoja ja yksin\u00e4isi\u00e4 vanhuksia sijoitettiin huutokaupalla hoitotaloihin. Makasiini siirrettiin 1930-luvulla Jalasj\u00e4rven kunnalliskodin makasiiniksi, josta se purettiin 1980-luvulla.<br \/>\nJalasj\u00e4rvel\u00e4isill\u00e4 asukkailla oli tietysti aikaisemminkin tarpeita saada eri makasiinien palveluita, mutta ne oli haettava em\u00e4seurakunnasta, Ilmajoelta, jonne ensimm\u00e4inen lainamakasiini, tosin yksityinen, perustettiin jo 1786.<\/p>\n","protected":false},"excerpt":{"rendered":"<p>Jalasj\u00e4rvi-Seura ry:n perustaminen Vuonna 1936 pidetty maatalousn\u00e4yttely oli alkusys\u00e4ys Jalasj\u00e4rvi-Seuran toiminnalle. Maatalousn\u00e4yttelyn p\u00e4\u00e4toimikunta perusti erityisen museotoimikunnan puheenjohtajana vaatturi Yrj\u00f6 G. Ritola. Toimikunta j\u00e4rjesti koko pit\u00e4j\u00e4\u00e4 kattavan vanhojen esineiden ker\u00e4yksen. N\u00e4m\u00e4 j\u00e4rjestettiin museo-osastoksi nro. 2493 kirkonm\u00e4ell\u00e4 sijainneeseen siunauskappeliin. Esineist\u00f6\u00e4 kertyi niin runsaasti, ett\u00e4 osastoa jouduttiin laajentamaan viel\u00e4 Iloniemen koulun tiloihin. N\u00e4yttelyn j\u00e4lkeen p\u00e4\u00e4osa esineist\u00f6st\u00e4, joka oli [&hellip;]<\/p>\n","protected":false},"author":1,"featured_media":0,"parent":16,"menu_order":0,"comment_status":"closed","ping_status":"closed","template":"","meta":{"footnotes":""},"class_list":["post-318","page","type-page","status-publish","hentry"],"_links":{"self":[{"href":"https:\/\/jalasjarvenmuseo.fi\/wordpress\/wp-json\/wp\/v2\/pages\/318","targetHints":{"allow":["GET"]}}],"collection":[{"href":"https:\/\/jalasjarvenmuseo.fi\/wordpress\/wp-json\/wp\/v2\/pages"}],"about":[{"href":"https:\/\/jalasjarvenmuseo.fi\/wordpress\/wp-json\/wp\/v2\/types\/page"}],"author":[{"embeddable":true,"href":"https:\/\/jalasjarvenmuseo.fi\/wordpress\/wp-json\/wp\/v2\/users\/1"}],"replies":[{"embeddable":true,"href":"https:\/\/jalasjarvenmuseo.fi\/wordpress\/wp-json\/wp\/v2\/comments?post=318"}],"version-history":[{"count":3,"href":"https:\/\/jalasjarvenmuseo.fi\/wordpress\/wp-json\/wp\/v2\/pages\/318\/revisions"}],"predecessor-version":[{"id":321,"href":"https:\/\/jalasjarvenmuseo.fi\/wordpress\/wp-json\/wp\/v2\/pages\/318\/revisions\/321"}],"up":[{"embeddable":true,"href":"https:\/\/jalasjarvenmuseo.fi\/wordpress\/wp-json\/wp\/v2\/pages\/16"}],"wp:attachment":[{"href":"https:\/\/jalasjarvenmuseo.fi\/wordpress\/wp-json\/wp\/v2\/media?parent=318"}],"curies":[{"name":"wp","href":"https:\/\/api.w.org\/{rel}","templated":true}]}}