{"id":277,"date":"2017-06-05T16:08:05","date_gmt":"2017-06-05T13:08:05","guid":{"rendered":"http:\/\/jalasjarvenmuseo.fi\/?page_id=277"},"modified":"2017-06-05T16:23:30","modified_gmt":"2017-06-05T13:23:30","slug":"muistomerkit","status":"publish","type":"page","link":"https:\/\/jalasjarvenmuseo.fi\/wordpress\/muistomerkit\/","title":{"rendered":"Muistomerkit"},"content":{"rendered":"<p>Jalasj\u00e4rvi-Seuran hallinnassa on muistomerkkej\u00e4, joista osa sijaitsee museoalueella. Nuorisotalo Wilholan piha-alueella on kaksi muistomerkki\u00e4 ja yksi sijaitsee Tokerotien varressa Per\u00e4sein\u00e4joen suunnalla.<\/p>\n<p><strong>KUVAGALLERIA: Muistomerkit<\/strong><\/p>\n<style type=\"text\/css\">\n#foogallery-gallery-280 .fg-image { width: 140px; }\n#foogallery-gallery-280 { --fg-gutter: 10px; }<\/style>\n\t\t\t<div class=\"foogallery foogallery-container foogallery-default foogallery-lightbox-foobox-free fg-center fg-default fg-ready fg-light fg-border-thin fg-shadow-small fg-loading-default fg-loaded-fade-in fg-hover-fade fg-hover-zoom\" id=\"foogallery-gallery-280\" data-foogallery=\"{&quot;item&quot;:{&quot;showCaptionTitle&quot;:true,&quot;showCaptionDescription&quot;:false},&quot;lazy&quot;:true}\" style=\"--fg-title-line-clamp: 0; --fg-description-line-clamp: 0;\" >\n\t<div class=\"fg-item fg-type-image fg-idle\"><figure class=\"fg-item-inner\"><a href=\"https:\/\/jalasjarvenmuseo.fi\/wordpress\/wp-content\/uploads\/Ritola.jpg\" data-attachment-id=\"269\" data-type=\"image\" class=\"fg-thumb\"><span class=\"fg-image-wrap\"><img decoding=\"async\" width=\"140\" height=\"140\" class=\"skip-lazy fg-image\" data-src-fg=\"https:\/\/jalasjarvenmuseo.fi\/wordpress\/wp-content\/uploads\/cache\/Ritola\/390722921.jpg\" src=\"data:image\/svg+xml,%3Csvg%20xmlns%3D%22http%3A%2F%2Fwww.w3.org%2F2000%2Fsvg%22%20width%3D%22140%22%20height%3D%22140%22%20viewBox%3D%220%200%20140%20140%22%3E%3C%2Fsvg%3E\" loading=\"eager\"><\/span><span class=\"fg-image-overlay\"><\/span><\/a><\/figure><div class=\"fg-loader\"><\/div><\/div><div class=\"fg-item fg-type-image fg-idle\"><figure class=\"fg-item-inner\"><a href=\"https:\/\/jalasjarvenmuseo.fi\/wordpress\/wp-content\/uploads\/Vuorela.jpg\" data-attachment-id=\"270\" data-type=\"image\" class=\"fg-thumb\"><span class=\"fg-image-wrap\"><img decoding=\"async\" width=\"140\" height=\"140\" class=\"skip-lazy fg-image\" data-src-fg=\"https:\/\/jalasjarvenmuseo.fi\/wordpress\/wp-content\/uploads\/cache\/Vuorela\/2021838519.jpg\" src=\"data:image\/svg+xml,%3Csvg%20xmlns%3D%22http%3A%2F%2Fwww.w3.org%2F2000%2Fsvg%22%20width%3D%22140%22%20height%3D%22140%22%20viewBox%3D%220%200%20140%20140%22%3E%3C%2Fsvg%3E\" loading=\"eager\"><\/span><span class=\"fg-image-overlay\"><\/span><\/a><\/figure><div class=\"fg-loader\"><\/div><\/div><div class=\"fg-item fg-type-image fg-idle\"><figure class=\"fg-item-inner\"><a href=\"https:\/\/jalasjarvenmuseo.fi\/wordpress\/wp-content\/uploads\/Frig\u00e5rd.jpg\" data-attachment-id=\"272\" data-type=\"image\" class=\"fg-thumb\"><span class=\"fg-image-wrap\"><img decoding=\"async\" width=\"140\" height=\"140\" class=\"skip-lazy fg-image\" data-src-fg=\"https:\/\/jalasjarvenmuseo.fi\/wordpress\/wp-content\/uploads\/cache\/Frig\u00e5rd\/3416214939.jpg\" src=\"data:image\/svg+xml,%3Csvg%20xmlns%3D%22http%3A%2F%2Fwww.w3.org%2F2000%2Fsvg%22%20width%3D%22140%22%20height%3D%22140%22%20viewBox%3D%220%200%20140%20140%22%3E%3C%2Fsvg%3E\" loading=\"eager\"><\/span><span class=\"fg-image-overlay\"><\/span><\/a><\/figure><div class=\"fg-loader\"><\/div><\/div><div class=\"fg-item fg-type-image fg-idle\"><figure class=\"fg-item-inner\"><a href=\"https:\/\/jalasjarvenmuseo.fi\/wordpress\/wp-content\/uploads\/Ilkka.jpg\" data-attachment-id=\"271\" data-type=\"image\" class=\"fg-thumb\"><span class=\"fg-image-wrap\"><img decoding=\"async\" width=\"140\" height=\"140\" class=\"skip-lazy fg-image\" data-src-fg=\"https:\/\/jalasjarvenmuseo.fi\/wordpress\/wp-content\/uploads\/cache\/Ilkka\/800529376.jpg\" src=\"data:image\/svg+xml,%3Csvg%20xmlns%3D%22http%3A%2F%2Fwww.w3.org%2F2000%2Fsvg%22%20width%3D%22140%22%20height%3D%22140%22%20viewBox%3D%220%200%20140%20140%22%3E%3C%2Fsvg%3E\" loading=\"eager\"><\/span><span class=\"fg-image-overlay\"><\/span><\/a><\/figure><div class=\"fg-loader\"><\/div><\/div><div class=\"fg-item fg-type-image fg-idle\"><figure class=\"fg-item-inner\"><a href=\"https:\/\/jalasjarvenmuseo.fi\/wordpress\/wp-content\/uploads\/Vartiosto.jpg\" data-attachment-id=\"273\" data-type=\"image\" class=\"fg-thumb\"><span class=\"fg-image-wrap\"><img decoding=\"async\" width=\"140\" height=\"140\" class=\"skip-lazy fg-image\" data-src-fg=\"https:\/\/jalasjarvenmuseo.fi\/wordpress\/wp-content\/uploads\/cache\/Vartiosto\/570868770.jpg\" src=\"data:image\/svg+xml,%3Csvg%20xmlns%3D%22http%3A%2F%2Fwww.w3.org%2F2000%2Fsvg%22%20width%3D%22140%22%20height%3D%22140%22%20viewBox%3D%220%200%20140%20140%22%3E%3C%2Fsvg%3E\" loading=\"eager\"><\/span><span class=\"fg-image-overlay\"><\/span><\/a><\/figure><div class=\"fg-loader\"><\/div><\/div><div class=\"fg-item fg-type-image fg-idle\"><figure class=\"fg-item-inner\"><a href=\"https:\/\/jalasjarvenmuseo.fi\/wordpress\/wp-content\/uploads\/Rintama.jpg\" data-attachment-id=\"274\" data-type=\"image\" class=\"fg-thumb\"><span class=\"fg-image-wrap\"><img decoding=\"async\" width=\"140\" height=\"140\" class=\"skip-lazy fg-image\" data-src-fg=\"https:\/\/jalasjarvenmuseo.fi\/wordpress\/wp-content\/uploads\/cache\/Rintama\/3549293702.jpg\" src=\"data:image\/svg+xml,%3Csvg%20xmlns%3D%22http%3A%2F%2Fwww.w3.org%2F2000%2Fsvg%22%20width%3D%22140%22%20height%3D%22140%22%20viewBox%3D%220%200%20140%20140%22%3E%3C%2Fsvg%3E\" loading=\"eager\"><\/span><span class=\"fg-image-overlay\"><\/span><\/a><\/figure><div class=\"fg-loader\"><\/div><\/div><div class=\"fg-item fg-type-image fg-idle\"><figure class=\"fg-item-inner\"><a href=\"https:\/\/jalasjarvenmuseo.fi\/wordpress\/wp-content\/uploads\/Tokerotie.jpg\" data-attachment-id=\"275\" data-type=\"image\" class=\"fg-thumb\"><span class=\"fg-image-wrap\"><img decoding=\"async\" width=\"140\" height=\"140\" class=\"skip-lazy fg-image\" data-src-fg=\"https:\/\/jalasjarvenmuseo.fi\/wordpress\/wp-content\/uploads\/cache\/Tokerotie\/1912915667.jpg\" src=\"data:image\/svg+xml,%3Csvg%20xmlns%3D%22http%3A%2F%2Fwww.w3.org%2F2000%2Fsvg%22%20width%3D%22140%22%20height%3D%22140%22%20viewBox%3D%220%200%20140%20140%22%3E%3C%2Fsvg%3E\" loading=\"eager\"><\/span><span class=\"fg-image-overlay\"><\/span><\/a><\/figure><div class=\"fg-loader\"><\/div><\/div><\/div>\n\n","protected":false},"excerpt":{"rendered":"<p>Jalasj\u00e4rvi-Seuran hallinnassa on muistomerkkej\u00e4, joista osa sijaitsee museoalueella. Nuorisotalo Wilholan piha-alueella on kaksi muistomerkki\u00e4 ja yksi sijaitsee Tokerotien varressa Per\u00e4sein\u00e4joen suunnalla. KUVAGALLERIA: Muistomerkit<\/p>\n","protected":false},"author":1,"featured_media":0,"parent":0,"menu_order":0,"comment_status":"closed","ping_status":"closed","template":"","meta":{"footnotes":""},"class_list":["post-277","page","type-page","status-publish","hentry"],"_links":{"self":[{"href":"https:\/\/jalasjarvenmuseo.fi\/wordpress\/wp-json\/wp\/v2\/pages\/277","targetHints":{"allow":["GET"]}}],"collection":[{"href":"https:\/\/jalasjarvenmuseo.fi\/wordpress\/wp-json\/wp\/v2\/pages"}],"about":[{"href":"https:\/\/jalasjarvenmuseo.fi\/wordpress\/wp-json\/wp\/v2\/types\/page"}],"author":[{"embeddable":true,"href":"https:\/\/jalasjarvenmuseo.fi\/wordpress\/wp-json\/wp\/v2\/users\/1"}],"replies":[{"embeddable":true,"href":"https:\/\/jalasjarvenmuseo.fi\/wordpress\/wp-json\/wp\/v2\/comments?post=277"}],"version-history":[{"count":5,"href":"https:\/\/jalasjarvenmuseo.fi\/wordpress\/wp-json\/wp\/v2\/pages\/277\/revisions"}],"predecessor-version":[{"id":284,"href":"https:\/\/jalasjarvenmuseo.fi\/wordpress\/wp-json\/wp\/v2\/pages\/277\/revisions\/284"}],"wp:attachment":[{"href":"https:\/\/jalasjarvenmuseo.fi\/wordpress\/wp-json\/wp\/v2\/media?parent=277"}],"curies":[{"name":"wp","href":"https:\/\/api.w.org\/{rel}","templated":true}]}}