{"id":25,"date":"2017-04-16T17:08:40","date_gmt":"2017-04-16T14:08:40","guid":{"rendered":"http:\/\/jalasjarvenmuseo.fi\/?page_id=25"},"modified":"2025-12-04T19:45:31","modified_gmt":"2025-12-04T17:45:31","slug":"jalasjarven-joulu","status":"publish","type":"page","link":"https:\/\/jalasjarvenmuseo.fi\/wordpress\/jalasjarven-joulu\/","title":{"rendered":"Jalasj\u00e4rven Joulu"},"content":{"rendered":"<p><strong>Jalasj\u00e4rven Joulu -lehden numero 68\/2025 on ilmestynyt joulukuussa.<\/strong> Lehti on myynniss\u00e4 seuraavissa Jalasj\u00e4rven keskustan liikkeiss\u00e4: K-Supermarket Jalasj\u00e4rvi, S-market Roope ja HalpaHalli. Luopaj\u00e4rvell\u00e4 lehti\u00e4 myy M. Lautam\u00e4ki Oy. Lehden voi tilata my\u00f6s lomakkeella, joka l\u00f6ytyy t\u00e4st\u00e4 linkist\u00e4: <a href=\"https:\/\/jalasjarvenmuseo.fi\/wordpress\/jalasjarven-joulu\/tilauslomake\/\">Jalasj\u00e4rven Joulun tilauslomake<\/a> Lehden hintaan lis\u00e4t\u00e4\u00e4n pakkaus- ja postituskulut.<\/p>\r\n<p><strong>Jalasj\u00e4rven Joulu<\/strong> (ISSN: 1235-8428) on Jalasj\u00e4rvi-Seura ry:n kustantama, vuosittain joulukuussa ilmestyv\u00e4 satasivuinen, v\u00e4rik\u00e4s kotiseutulukemisto. Ensimm\u00e4inen numero ilmestyi vuonna 1957. Suomi 100 -juhlavuonna, 2017, ilmestyi lehden numero 60. Lehti toimitetaan vapaaehtoisvoimin ja siit\u00e4 saatava tuotto k\u00e4ytet\u00e4\u00e4n museoalueen yll\u00e4pitoon.<br \/><strong>Aineisto<\/strong>: Jalasj\u00e4rvi-Seura on kiitollinen juttuvinkeist\u00e4 sek\u00e4 lehteen l\u00e4hetetyist\u00e4 kuvista ja kirjoituksista. Aineistoa otetaan vastaan jatkuvasti.<br \/>Kunakin vuonna ilmestyv\u00e4\u00e4n lehteen tarkoitettu <strong>aineisto tulee l\u00e4hett\u00e4\u00e4 vuosittain ilmoitettavaan m\u00e4\u00e4r\u00e4p\u00e4iv\u00e4\u00e4n menness\u00e4.<\/strong>\u00a0Sen j\u00e4lkeen l\u00e4hetetyt kirjoitukset ja kuvat s\u00e4\u00e4stet\u00e4\u00e4n seuraavaan julkaisuun.<br \/><a href=\"https:\/\/jalasjarvenmuseo.fi\/wordpress\/jalasjarvi-seura-ry\/\">Jalasj\u00e4rvi-Seuran yhteystiedot l\u00f6ytyv\u00e4t T\u00c4ST\u00c4<\/a>.<br \/>Aineiston voi l\u00e4hett\u00e4\u00e4 postiosoitteeseen: <em>Jalasj\u00e4rvi-Seura ry, Hirvij\u00e4rventie 604, 61600 Jalasj\u00e4rvi, 0405444614 <\/em> tai suoraan s\u00e4hk\u00f6postitse: <span style=\"color: #ff0000;\">joululehti(at)jalasjarvenmuseo.fi <\/span><br \/><strong>Mainokset<\/strong>: Yritykset voivat ostaa lehdest\u00e4 mainostilaa. Mainosten koon ja hinnan sopiminen tapahtuu ottamalla yhteytt\u00e4 Jalasj\u00e4rvi-Seuran toimijoihin tai suoraan Jalasj\u00e4rven Joulun s\u00e4hk\u00f6postin kautta. Mainokseen tuleva yrityksen logo l\u00e4hetet\u00e4\u00e4n lehden s\u00e4hk\u00f6postiin painokelpoisessa muodossa. Mainosaineisto<strong> tulee l\u00e4hett\u00e4\u00e4 vuosittain ilmoitettavaan m\u00e4\u00e4r\u00e4p\u00e4iv\u00e4\u00e4n menness\u00e4.<\/strong><br \/><strong>Joulutervehdykset<\/strong>: Hyv\u00e4n Joulun ja Uuden Vuoden toivotukset joululehdess\u00e4 sopivat yrityksille, yhdistyksille, yhteis\u00f6ille ja yksityisille. Maksulliset tervehdykset <strong>tulee l\u00e4hett\u00e4\u00e4 vuosittain ilmoitettavaan m\u00e4\u00e4r\u00e4p\u00e4iv\u00e4\u00e4n menness\u00e4 <\/strong>Jalasj\u00e4rvi-Seuran toimijoiden kautta tai sopimalla asia s\u00e4hk\u00f6postitse.<br \/><strong>Lehden tilaaminen<\/strong>: Jalasj\u00e4rven Joulun voi nyt tilata k\u00e4tev\u00e4sti <a href=\"https:\/\/jalasjarvenmuseo.fi\/wordpress\/jalasjarven-joulu\/tilauslomake\/\">oheisella nettilomakkeella T\u00c4ST\u00c4<\/a>.<br \/>Samalla lomakkeella voi tilata my\u00f6s edellisten vuosien numeroita. Tilatut lehdet toimitetaan postitse ja hintaan lis\u00e4t\u00e4\u00e4n pakkaus- ja postituskulut painon mukaan.<br \/>Lehden tilauksia ottavat edelleen vastaan koululaiset ja<a href=\"https:\/\/jalasjarvenmuseo.fi\/wordpress\/yhteystiedot\/\"> tilaus onnistuu my\u00f6s ottamalla yhteytt\u00e4 Jalasj\u00e4rvi-Seuraan<\/a>. Lehti\u00e4 voi ostaa museolta sen aukioloaikoina, l\u00e4hinn\u00e4 kes\u00e4kaudella.<br \/><strong>Lehden ilmestyminen ja myynti<\/strong>: Jalasj\u00e4rven Joulu ilmestyy joulukuun alkupuolella ja tulee myyntiin muutamiin paikallisiin liikkeisiin. Myyntipisteist\u00e4 ilmoitetaan, kun lehti ilmestyy.<\/p>\r\n<p>Tilaa\u00a0 Jalasj\u00e4rven Joulu omaksi tai lahjaksi <strong>10\u20ac\/kpl + postituskulut<\/strong> painon mukaan <a href=\"https:\/\/jalasjarvenmuseo.fi\/wordpress\/jalasjarven-joulu\/tilauslomake\/\">oheisella nettilomakkeella T\u00c4ST\u00c4<\/a><\/p>\r\n\r\n<p>&nbsp;<\/p>\r\n","protected":false},"excerpt":{"rendered":"<p>Jalasj\u00e4rven Joulu -lehden numero 68\/2025 on ilmestynyt joulukuussa. Lehti on myynniss\u00e4 seuraavissa Jalasj\u00e4rven keskustan liikkeiss\u00e4: K-Supermarket Jalasj\u00e4rvi, S-market Roope ja HalpaHalli. Luopaj\u00e4rvell\u00e4 lehti\u00e4 myy M. Lautam\u00e4ki Oy. Lehden voi tilata my\u00f6s lomakkeella, joka l\u00f6ytyy t\u00e4st\u00e4 linkist\u00e4: Jalasj\u00e4rven Joulun tilauslomake Lehden hintaan lis\u00e4t\u00e4\u00e4n pakkaus- ja postituskulut. Jalasj\u00e4rven Joulu (ISSN: 1235-8428) on Jalasj\u00e4rvi-Seura ry:n kustantama, vuosittain joulukuussa [&hellip;]<\/p>\n","protected":false},"author":1,"featured_media":0,"parent":0,"menu_order":0,"comment_status":"closed","ping_status":"closed","template":"","meta":{"footnotes":""},"class_list":["post-25","page","type-page","status-publish","hentry"],"_links":{"self":[{"href":"https:\/\/jalasjarvenmuseo.fi\/wordpress\/wp-json\/wp\/v2\/pages\/25","targetHints":{"allow":["GET"]}}],"collection":[{"href":"https:\/\/jalasjarvenmuseo.fi\/wordpress\/wp-json\/wp\/v2\/pages"}],"about":[{"href":"https:\/\/jalasjarvenmuseo.fi\/wordpress\/wp-json\/wp\/v2\/types\/page"}],"author":[{"embeddable":true,"href":"https:\/\/jalasjarvenmuseo.fi\/wordpress\/wp-json\/wp\/v2\/users\/1"}],"replies":[{"embeddable":true,"href":"https:\/\/jalasjarvenmuseo.fi\/wordpress\/wp-json\/wp\/v2\/comments?post=25"}],"version-history":[{"count":49,"href":"https:\/\/jalasjarvenmuseo.fi\/wordpress\/wp-json\/wp\/v2\/pages\/25\/revisions"}],"predecessor-version":[{"id":963,"href":"https:\/\/jalasjarvenmuseo.fi\/wordpress\/wp-json\/wp\/v2\/pages\/25\/revisions\/963"}],"wp:attachment":[{"href":"https:\/\/jalasjarvenmuseo.fi\/wordpress\/wp-json\/wp\/v2\/media?parent=25"}],"curies":[{"name":"wp","href":"https:\/\/api.w.org\/{rel}","templated":true}]}}