{"id":20,"date":"2017-04-16T17:07:44","date_gmt":"2017-04-16T14:07:44","guid":{"rendered":"http:\/\/jalasjarvenmuseo.fi\/?page_id=20"},"modified":"2017-06-01T19:11:44","modified_gmt":"2017-06-01T16:11:44","slug":"jasenasiat","status":"publish","type":"page","link":"https:\/\/jalasjarvenmuseo.fi\/wordpress\/jalasjarvi-seura-ry\/jasenasiat\/","title":{"rendered":"J\u00e4senasiat"},"content":{"rendered":"<p>JalasJ\u00e4rvi-Seura ry:n j\u00e4senmaksu on 15\u20ac\/vuosi.<\/p>\n\n<div class=\"wpcf7 no-js\" id=\"wpcf7-f59-o1\" lang=\"fi\" dir=\"ltr\" data-wpcf7-id=\"59\">\n<div class=\"screen-reader-response\"><p role=\"status\" aria-live=\"polite\" aria-atomic=\"true\"><\/p> <ul><\/ul><\/div>\n<form action=\"\/wordpress\/wp-json\/wp\/v2\/pages\/20#wpcf7-f59-o1\" method=\"post\" class=\"wpcf7-form init\" aria-label=\"Yhteydenottolomake\" novalidate=\"novalidate\" data-status=\"init\">\n<fieldset class=\"hidden-fields-container\"><input type=\"hidden\" name=\"_wpcf7\" value=\"59\" \/><input type=\"hidden\" name=\"_wpcf7_version\" value=\"6.1.5\" \/><input type=\"hidden\" name=\"_wpcf7_locale\" value=\"fi\" \/><input type=\"hidden\" name=\"_wpcf7_unit_tag\" value=\"wpcf7-f59-o1\" \/><input type=\"hidden\" name=\"_wpcf7_container_post\" value=\"0\" \/><input type=\"hidden\" name=\"_wpcf7_posted_data_hash\" value=\"\" \/>\n<\/fieldset>\n<p><label class=\"pakollinen\"> Nimi<br \/>\n<span class=\"wpcf7-form-control-wrap\" data-name=\"nimi\"><input size=\"40\" maxlength=\"400\" class=\"wpcf7-form-control wpcf7-text wpcf7-validates-as-required\" aria-required=\"true\" aria-invalid=\"false\" value=\"\" type=\"text\" name=\"nimi\" \/><\/span> <\/label>\n<\/p>\n<p><label class=\"pakollinen\"> Puhelinnumero<br \/>\n<span class=\"wpcf7-form-control-wrap\" data-name=\"puhelin\"><input size=\"40\" maxlength=\"400\" class=\"wpcf7-form-control wpcf7-text wpcf7-validates-as-required\" aria-required=\"true\" aria-invalid=\"false\" value=\"\" type=\"text\" name=\"puhelin\" \/><\/span> <\/label>\n<\/p>\n<p><label class=\"pakollinen\"> Katusoite<br \/>\n<span class=\"wpcf7-form-control-wrap\" data-name=\"katuosoite\"><input size=\"40\" maxlength=\"400\" class=\"wpcf7-form-control wpcf7-text wpcf7-validates-as-required\" aria-required=\"true\" aria-invalid=\"false\" value=\"\" type=\"text\" name=\"katuosoite\" \/><\/span> <\/label>\n<\/p>\n<p><label class=\"pakollinen\"> Postinumero ja paikkakunta<br \/>\n<span class=\"wpcf7-form-control-wrap\" data-name=\"postimunero\"><input size=\"40\" maxlength=\"400\" class=\"wpcf7-form-control wpcf7-text wpcf7-validates-as-required\" aria-required=\"true\" aria-invalid=\"false\" value=\"\" type=\"text\" name=\"postimunero\" \/><\/span> <\/label>\n<\/p>\n<p><label> S\u00e4hk\u00f6posti<br \/>\n<span class=\"wpcf7-form-control-wrap\" data-name=\"emaili\"><input size=\"40\" maxlength=\"400\" class=\"wpcf7-form-control wpcf7-email wpcf7-text wpcf7-validates-as-email\" aria-invalid=\"false\" value=\"\" type=\"email\" name=\"emaili\" \/><\/span> <\/label>\n<\/p>\n<p><label class=\"pakollinen\"> Haluan laskuni: <\/label><br \/>\n<span class=\"wpcf7-form-control-wrap\" data-name=\"valinta\"><span class=\"wpcf7-form-control wpcf7-radio\"><span class=\"wpcf7-list-item first\"><input type=\"radio\" name=\"valinta\" value=\"Paperisena\" \/><span class=\"wpcf7-list-item-label\">Paperisena<\/span><\/span><span class=\"wpcf7-list-item last\"><input type=\"radio\" name=\"valinta\" value=\"S\u00e4hk\u00f6postiin\" \/><span class=\"wpcf7-list-item-label\">S\u00e4hk\u00f6postiin<\/span><\/span><\/span><\/span>\n<\/p>\n<p class=\"pakollinen\">V\u00e4hint\u00e4\u00e4n punaiset kent\u00e4t on t\u00e4ytett\u00e4v\u00e4. Vaihtoehtoisesti voit saada laskusi s\u00e4hk\u00f6postiin.\n<\/p>\n<p><input class=\"wpcf7-form-control wpcf7-submit has-spinner\" type=\"submit\" value=\"L\u00e4het\u00e4\" \/>\n<\/p><div class=\"wpcf7-response-output\" aria-hidden=\"true\"><\/div>\n<\/form>\n<\/div>\n\n","protected":false},"excerpt":{"rendered":"<p>JalasJ\u00e4rvi-Seura ry:n j\u00e4senmaksu on 15\u20ac\/vuosi.<\/p>\n","protected":false},"author":1,"featured_media":0,"parent":16,"menu_order":0,"comment_status":"closed","ping_status":"closed","template":"","meta":{"footnotes":""},"class_list":["post-20","page","type-page","status-publish","hentry"],"_links":{"self":[{"href":"https:\/\/jalasjarvenmuseo.fi\/wordpress\/wp-json\/wp\/v2\/pages\/20","targetHints":{"allow":["GET"]}}],"collection":[{"href":"https:\/\/jalasjarvenmuseo.fi\/wordpress\/wp-json\/wp\/v2\/pages"}],"about":[{"href":"https:\/\/jalasjarvenmuseo.fi\/wordpress\/wp-json\/wp\/v2\/types\/page"}],"author":[{"embeddable":true,"href":"https:\/\/jalasjarvenmuseo.fi\/wordpress\/wp-json\/wp\/v2\/users\/1"}],"replies":[{"embeddable":true,"href":"https:\/\/jalasjarvenmuseo.fi\/wordpress\/wp-json\/wp\/v2\/comments?post=20"}],"version-history":[{"count":6,"href":"https:\/\/jalasjarvenmuseo.fi\/wordpress\/wp-json\/wp\/v2\/pages\/20\/revisions"}],"predecessor-version":[{"id":60,"href":"https:\/\/jalasjarvenmuseo.fi\/wordpress\/wp-json\/wp\/v2\/pages\/20\/revisions\/60"}],"up":[{"embeddable":true,"href":"https:\/\/jalasjarvenmuseo.fi\/wordpress\/wp-json\/wp\/v2\/pages\/16"}],"wp:attachment":[{"href":"https:\/\/jalasjarvenmuseo.fi\/wordpress\/wp-json\/wp\/v2\/media?parent=20"}],"curies":[{"name":"wp","href":"https:\/\/api.w.org\/{rel}","templated":true}]}}