{"id":18,"date":"2017-04-16T17:07:22","date_gmt":"2017-04-16T14:07:22","guid":{"rendered":"http:\/\/jalasjarvenmuseo.fi\/?page_id=18"},"modified":"2018-10-05T14:40:39","modified_gmt":"2018-10-05T11:40:39","slug":"pelimannitupa","status":"publish","type":"page","link":"https:\/\/jalasjarvenmuseo.fi\/wordpress\/pelimannitupa\/","title":{"rendered":"Pelimannitupa"},"content":{"rendered":"<p><strong>Pelimannitupa<\/strong> on Jalasj\u00e4rvi-Seuran ja Jalasj\u00e4rven Soittokunnan vuonna 1973 rakennuttama Suomen ensimm\u00e4inen virallinen pelimannitalo. Pelimannitupa ostettiin vuonna 1996 kokonaan Jalasj\u00e4rvi-seuran omistukseen.<br \/>\nPelimannituvan lis\u00e4rakentaminen on saatu p\u00e4\u00e4t\u00f6kseen vuoden 2018 alussa. Rakennushankkeen etenemisest\u00e4 on kuvia\u00a0<a href=\"https:\/\/jalasjarvenmuseo.fi\/wordpress\/ajankohtaista\/pelimannituvan-lisarakennus\/\">Ajankohtaista<\/a>&#8211; osiossa. Pelimannitupaan valmistui lis\u00e4\u00e4 kokoustilaa, uudet estett\u00f6m\u00e4t WC- tilat ja keitti\u00f6 remontoitiin.<\/p>\n<table>\n<tbody>\n<tr>\n<td><audio class=\"wp-audio-shortcode\" id=\"audio-18-1\" loop preload=\"none\" style=\"width: 100%;\" controls=\"controls\"><source type=\"audio\/mpeg\" src=\"https:\/\/jalasjarvenmuseo.fi\/wordpress\/wp-content\/uploads\/16-Pappilan-Pellolla.mp3?_=1\" \/><source type=\"audio\/mpeg\" src=\"https:\/\/jalasjarvenmuseo.fi\/wordpress\/wp-content\/uploads\/16-Pappilan-Pellolla.m4a?_=1\" \/><a href=\"https:\/\/jalasjarvenmuseo.fi\/wordpress\/wp-content\/uploads\/16-Pappilan-Pellolla.mp3\">https:\/\/jalasjarvenmuseo.fi\/wordpress\/wp-content\/uploads\/16-Pappilan-Pellolla.mp3<\/a><\/audio><\/td>\n<td style=\"text-align: left; padding-left: 30px;\"><strong>Aapeli Hautanen<\/strong> oli ensimm\u00e4inen Jalasj\u00e4rvel\u00e4inen mestaripelimannin arvon (1973) saanut kansanmuusikko. Pelimannituvassa on esill\u00e4 h\u00e4nen haitarinsa. N\u00e4p\u00e4yt\u00e4 soitinta ja kuuntele, kuinka <em>\u201dPappilan pellolla\u201d<\/em> soi aikoinaan t\u00e4ll\u00e4 haitarilla.<\/td>\n<\/tr>\n<\/tbody>\n<\/table>\n<p>Hieman kalevalaistyylinen<strong> Koivikon sauna<\/strong> on sijainnut entisell\u00e4 Mets\u00e4hallituksen omistamalla Koivikon tilalla, joka on my\u00f6hemmin siirtynyt Jalasj\u00e4rven kunnan omistukseen. Sauna on rakennettu vuonna 1939 ja sen hirret on todenn\u00e4k\u00f6isesti sirkkelisahattu Virtain Kurjenkyl\u00e4ss\u00e4; silloin valtion mets\u00e4t kuuluivat Mets\u00e4hallituksen Jalasj\u00e4rven hoitopiiriin. Sauna on ollut alun perin savusauna k\u00e4sitt\u00e4en saunan lis\u00e4ksi puku- ja lepohuoneen. Se siirrettiin ja rakennettiin uudelleen museoalueelle 1996-97. Rakennus k\u00e4sitt\u00e4\u00e4 saunan lis\u00e4ksi pukuhuoneen ja takkahuonetilan terasseineen.<\/p>\n<p><strong>Pelimannituvan tai Koivikon saunan vuokraus<\/strong>: Tiedot l\u00f6ytyv\u00e4t <a href=\"https:\/\/jalasjarvenmuseo.fi\/wordpress\/pelimannitupa\/vuokraus\/\">T\u00c4ST\u00c4<\/a><\/p>\n","protected":false},"excerpt":{"rendered":"<p>Pelimannitupa on Jalasj\u00e4rvi-Seuran ja Jalasj\u00e4rven Soittokunnan vuonna 1973 rakennuttama Suomen ensimm\u00e4inen virallinen pelimannitalo. Pelimannitupa ostettiin vuonna 1996 kokonaan Jalasj\u00e4rvi-seuran omistukseen. Pelimannituvan lis\u00e4rakentaminen on saatu p\u00e4\u00e4t\u00f6kseen vuoden 2018 alussa. Rakennushankkeen etenemisest\u00e4 on kuvia\u00a0Ajankohtaista&#8211; osiossa. Pelimannitupaan valmistui lis\u00e4\u00e4 kokoustilaa, uudet estett\u00f6m\u00e4t WC- tilat ja keitti\u00f6 remontoitiin. Aapeli Hautanen oli ensimm\u00e4inen Jalasj\u00e4rvel\u00e4inen mestaripelimannin arvon (1973) saanut kansanmuusikko. Pelimannituvassa [&hellip;]<\/p>\n","protected":false},"author":1,"featured_media":0,"parent":0,"menu_order":0,"comment_status":"closed","ping_status":"closed","template":"","meta":{"footnotes":""},"class_list":["post-18","page","type-page","status-publish","hentry"],"_links":{"self":[{"href":"https:\/\/jalasjarvenmuseo.fi\/wordpress\/wp-json\/wp\/v2\/pages\/18","targetHints":{"allow":["GET"]}}],"collection":[{"href":"https:\/\/jalasjarvenmuseo.fi\/wordpress\/wp-json\/wp\/v2\/pages"}],"about":[{"href":"https:\/\/jalasjarvenmuseo.fi\/wordpress\/wp-json\/wp\/v2\/types\/page"}],"author":[{"embeddable":true,"href":"https:\/\/jalasjarvenmuseo.fi\/wordpress\/wp-json\/wp\/v2\/users\/1"}],"replies":[{"embeddable":true,"href":"https:\/\/jalasjarvenmuseo.fi\/wordpress\/wp-json\/wp\/v2\/comments?post=18"}],"version-history":[{"count":18,"href":"https:\/\/jalasjarvenmuseo.fi\/wordpress\/wp-json\/wp\/v2\/pages\/18\/revisions"}],"predecessor-version":[{"id":599,"href":"https:\/\/jalasjarvenmuseo.fi\/wordpress\/wp-json\/wp\/v2\/pages\/18\/revisions\/599"}],"wp:attachment":[{"href":"https:\/\/jalasjarvenmuseo.fi\/wordpress\/wp-json\/wp\/v2\/media?parent=18"}],"curies":[{"name":"wp","href":"https:\/\/api.w.org\/{rel}","templated":true}]}}